{"id":1311,"date":"2023-11-28T12:50:45","date_gmt":"2023-11-28T12:50:45","guid":{"rendered":"https:\/\/coachescongress.com\/stockholm\/?page_id=1311"},"modified":"2025-11-20T18:25:35","modified_gmt":"2025-11-20T17:25:35","slug":"hotel-transport","status":"publish","type":"page","link":"https:\/\/coachescongress.com\/stockholm\/hotel-transport\/","title":{"rendered":"Hotel &#038; Transportation"},"content":{"rendered":"\t\t<div data-elementor-type=\"wp-page\" data-elementor-id=\"1311\" class=\"elementor elementor-1311\" data-elementor-post-type=\"page\">\n\t\t\t\t<div class=\"elementor-element elementor-element-7a64d9e e-flex e-con-boxed e-con e-parent\" data-id=\"7a64d9e\" data-element_type=\"container\" data-e-type=\"container\" data-settings=\"{&quot;background_background&quot;:&quot;classic&quot;,&quot;background_motion_fx_motion_fx_mouse&quot;:&quot;yes&quot;}\">\n\t\t\t\t\t<div class=\"e-con-inner\">\n\t\t\t\t<div class=\"elementor-element elementor-element-6620fb2 elementor-widget elementor-widget-heading\" data-id=\"6620fb2\" data-element_type=\"widget\" data-e-type=\"widget\" data-widget_type=\"heading.default\">\n\t\t\t\t<div class=\"elementor-widget-container\">\n\t\t\t\t\t<h1 class=\"elementor-heading-title elementor-size-default\">hotel &amp; transportATION<\/h1>\t\t\t\t<\/div>\n\t\t\t\t<\/div>\n\t\t\t\t\t<\/div>\n\t\t\t\t<\/div>\n\t\t<div class=\"elementor-element elementor-element-292e5cd e-flex e-con-boxed e-con e-parent\" data-id=\"292e5cd\" data-element_type=\"container\" data-e-type=\"container\">\n\t\t\t\t\t<div class=\"e-con-inner\">\n\t\t\t\t<div class=\"elementor-element elementor-element-d6ff6e3 elementor-widget elementor-widget-text-editor\" data-id=\"d6ff6e3\" data-element_type=\"widget\" data-e-type=\"widget\" data-widget_type=\"text-editor.default\">\n\t\t\t\t<div class=\"elementor-widget-container\">\n\t\t\t\t\t\t\t\t\t<h6 data-start=\"137\" data-end=\"180\"><strong data-start=\"137\" data-end=\"180\">Arriving to, and transport in Stockholm<\/strong><\/h6><p data-start=\"182\" data-end=\"551\"><strong data-start=\"182\" data-end=\"250\">Airport: <\/strong>Stockholm\u2019s International Airport \u2013 Arlanda (ARN)<\/p><p data-start=\"182\" data-end=\"551\"><strong>Transport to Scandic Infra City hotel from the airport<\/strong>: We recommend booking an Uber or taking a taxi. The travel is between 15-25 minutes dependent on traffic.\u00a0<\/p><p data-start=\"182\" data-end=\"551\"><strong>Transport to Stockholm Central Station from the airport<\/strong>: Take the Arlanda Express, a high-speed train that departs directly from the airport terminal and arrives at Stockholm Central (T-Centralen) in about 18 minutes. Read more about it <a href=\"https:\/\/www.arlandaexpress.com\/?gclid=CjwKCAiA-P-rBhBEEiwAQEXhH0sEAj1E1iuKWzqCYdVpdviPgp1uSSWf3mNy-xTXxZnCaYpzbZIieBoCG3AQAvD_BwE\" target=\"_blank\" rel=\"noopener\">here<\/a>.<\/p><p data-start=\"553\" data-end=\"1012\"><strong><br \/>Getting to Scandic Infra City from Stockholm Central (T-Centralen)<\/strong>: Take the pendelt\u00e5g (commuter train) Line 40 or 41 toward Uppsala or M\u00e4rsta and get off at Upplands V\u00e4sby Station (approx. 27 minutes).<\/p><p data-start=\"553\" data-end=\"1012\"><strong>From Upplands V\u00e4sby Station<\/strong>: take bus 536 or 560 to Infra City (approx. 10 minutes), or take a taxi (approx. 5 minutes).<\/p><p data-start=\"553\" data-end=\"1012\"><strong>Bus transport from other locations<\/strong>: Buses 561 and 565 also serve the Infra City area from nearby locations.<\/p>\t\t\t\t\t\t\t\t<\/div>\n\t\t\t\t<\/div>\n\t\t<div class=\"elementor-element elementor-element-ab37e19 e-flex e-con-boxed e-con e-child\" data-id=\"ab37e19\" data-element_type=\"container\" data-e-type=\"container\">\n\t\t\t\t\t<div class=\"e-con-inner\">\n\t\t<div class=\"elementor-element elementor-element-9509443 e-flex e-con-boxed e-con e-child\" data-id=\"9509443\" data-element_type=\"container\" data-e-type=\"container\">\n\t\t\t\t\t<div class=\"e-con-inner\">\n\t\t\t\t<div class=\"elementor-element elementor-element-10ecc72 elementor-widget elementor-widget-image\" data-id=\"10ecc72\" data-element_type=\"widget\" data-e-type=\"widget\" data-widget_type=\"image.default\">\n\t\t\t\t<div class=\"elementor-widget-container\">\n\t\t\t\t\t\t\t\t\t\t\t\t\t\t\t\t<a href=\"https:\/\/coachescongress.com\/stockholm\/wp-content\/uploads\/sites\/2\/2025\/11\/Untitled-design.jpg\" data-elementor-open-lightbox=\"yes\" data-elementor-lightbox-title=\"Scandic Infra City\" data-e-action-hash=\"#elementor-action%3Aaction%3Dlightbox%26settings%3DeyJpZCI6Njg2NiwidXJsIjoiaHR0cHM6XC9cL2NvYWNoZXNjb25ncmVzcy5jb21cL3N0b2NraG9sbVwvd3AtY29udGVudFwvdXBsb2Fkc1wvc2l0ZXNcLzJcLzIwMjVcLzExXC9VbnRpdGxlZC1kZXNpZ24uanBnIn0%3D\">\n\t\t\t\t\t\t\t<img fetchpriority=\"high\" decoding=\"async\" width=\"500\" height=\"300\" src=\"https:\/\/coachescongress.com\/stockholm\/wp-content\/uploads\/sites\/2\/2025\/11\/Untitled-design.jpg\" class=\"attachment-full size-full wp-image-6866\" alt=\"\" srcset=\"https:\/\/coachescongress.com\/stockholm\/wp-content\/uploads\/sites\/2\/2025\/11\/Untitled-design.jpg 500w, https:\/\/coachescongress.com\/stockholm\/wp-content\/uploads\/sites\/2\/2025\/11\/Untitled-design-300x180.jpg 300w\" sizes=\"(max-width: 500px) 100vw, 500px\" \/>\t\t\t\t\t\t\t\t<\/a>\n\t\t\t\t\t\t\t\t\t\t\t\t\t\t\t<\/div>\n\t\t\t\t<\/div>\n\t\t\t\t\t<\/div>\n\t\t\t\t<\/div>\n\t\t<div class=\"elementor-element elementor-element-83896a8 e-flex e-con-boxed e-con e-child\" data-id=\"83896a8\" data-element_type=\"container\" data-e-type=\"container\">\n\t\t\t\t\t<div class=\"e-con-inner\">\n\t\t\t\t<div class=\"elementor-element elementor-element-d1fc9db elementor-widget elementor-widget-image\" data-id=\"d1fc9db\" data-element_type=\"widget\" data-e-type=\"widget\" data-widget_type=\"image.default\">\n\t\t\t\t<div class=\"elementor-widget-container\">\n\t\t\t\t\t\t\t\t\t\t\t\t\t\t\t\t<a href=\"https:\/\/coachescongress.com\/stockholm\/wp-content\/uploads\/sites\/2\/2025\/11\/Untitled-design-1.jpg\" data-elementor-open-lightbox=\"yes\" data-elementor-lightbox-title=\"Scandic Infra City room\" data-e-action-hash=\"#elementor-action%3Aaction%3Dlightbox%26settings%3DeyJpZCI6Njg2NSwidXJsIjoiaHR0cHM6XC9cL2NvYWNoZXNjb25ncmVzcy5jb21cL3N0b2NraG9sbVwvd3AtY29udGVudFwvdXBsb2Fkc1wvc2l0ZXNcLzJcLzIwMjVcLzExXC9VbnRpdGxlZC1kZXNpZ24tMS5qcGcifQ%3D%3D\">\n\t\t\t\t\t\t\t<img decoding=\"async\" width=\"500\" height=\"300\" src=\"https:\/\/coachescongress.com\/stockholm\/wp-content\/uploads\/sites\/2\/2025\/11\/Untitled-design-1.jpg\" class=\"attachment-full size-full wp-image-6865\" alt=\"\" srcset=\"https:\/\/coachescongress.com\/stockholm\/wp-content\/uploads\/sites\/2\/2025\/11\/Untitled-design-1.jpg 500w, https:\/\/coachescongress.com\/stockholm\/wp-content\/uploads\/sites\/2\/2025\/11\/Untitled-design-1-300x180.jpg 300w\" sizes=\"(max-width: 500px) 100vw, 500px\" \/>\t\t\t\t\t\t\t\t<\/a>\n\t\t\t\t\t\t\t\t\t\t\t\t\t\t\t<\/div>\n\t\t\t\t<\/div>\n\t\t\t\t\t<\/div>\n\t\t\t\t<\/div>\n\t\t\t\t\t<\/div>\n\t\t\t\t<\/div>\n\t\t\t\t<div class=\"elementor-element elementor-element-0c25e38 elementor-align-justify elementor-widget elementor-widget-button\" data-id=\"0c25e38\" data-element_type=\"widget\" data-e-type=\"widget\" data-widget_type=\"button.default\">\n\t\t\t\t<div class=\"elementor-widget-container\">\n\t\t\t\t\t\t\t\t\t<div class=\"elementor-button-wrapper\">\n\t\t\t\t\t<a class=\"elementor-button elementor-button-link elementor-size-lg\" href=\"https:\/\/www.scandichotels.com\/en\/hotelreservation\/select-rate?room%5B0%5D.adults=1&#038;fromdate=2026-01-23&#038;todate=2026-01-25&#038;hotel=803&#038;bookingCode=BCRS130226\" target=\"_blank\">\n\t\t\t\t\t\t<span class=\"elementor-button-content-wrapper\">\n\t\t\t\t\t\t\t\t\t<span class=\"elementor-button-text\">SCANDIC INFRA CITY - CLICK HERE TO BOOK A ROOM!!<\/span>\n\t\t\t\t\t<\/span>\n\t\t\t\t\t<\/a>\n\t\t\t\t<\/div>\n\t\t\t\t\t\t\t\t<\/div>\n\t\t\t\t<\/div>\n\t\t\t\t<div class=\"elementor-element elementor-element-6a73fec elementor-widget elementor-widget-text-editor\" data-id=\"6a73fec\" data-element_type=\"widget\" data-e-type=\"widget\" data-widget_type=\"text-editor.default\">\n\t\t\t\t<div class=\"elementor-widget-container\">\n\t\t\t\t\t\t\t\t\t<h6>Scandic Infra City &#8211; Hotel and venue<\/h6><p>At Scandic Infra City is perfectly situated right at the event venue. It offers stylish rooms with Scandinavian design, an incredible breakfast buffet, and a cozy bar lounge where you can relax and connect with other attendees and vendors. The hotel also features a modern gym, sauna and pool.\u00a0<\/p><p><b>Hotel address<\/b><br \/>Kanalv\u00e4gen 10<br \/>194 61 Upplands V\u00e4sby<\/p><p data-start=\"44\" data-end=\"119\"><strong>Parking: <\/strong>The hotel has<span class=\"relative -mx-px my-[-0.2rem] rounded px-px py-[0.2rem] transition-colors duration-100 ease-in-out\">\u00a0an underground garage with 127 spaces\u2014available first-come, first-served and cannot be reserved.\u00a0<\/span><span style=\"background-color: transparent; font-family: -apple-system, BlinkMacSystemFont, 'Segoe UI', Roboto, 'Helvetica Neue', Arial, 'Noto Sans', sans-serif, 'Apple Color Emoji', 'Segoe UI Emoji', 'Segoe UI Symbol', 'Noto Color Emoji';\">There is also a larger outdoor public parking close to the hotel.\u00a0<\/span><\/p><p data-start=\"403\" data-end=\"604\"><strong data-start=\"403\" data-end=\"441\">Electric vehicle charging stations:\u00a0<\/strong><span class=\"relative -mx-px my-[-0.2rem] rounded px-px py-[0.2rem] transition-colors duration-100 ease-in-out\">There are 12 charging points (22\u202fkW) in the garage. <\/span>These are operated via Scandic&#8217;s network partner and are available for guest use.<\/p>\t\t\t\t\t\t\t\t<\/div>\n\t\t\t\t<\/div>\n\t\t\t\t\t<\/div>\n\t\t\t\t<\/div>\n\t\t\t\t<\/div>\n\t\t","protected":false},"excerpt":{"rendered":"<p>hotel &amp; transportATION Arriving to, and transport in Stockholm Airport: Stockholm\u2019s International Airport \u2013 Arlanda (ARN) Transport to Scandic Infra City hotel from the airport: We recommend booking an Uber [&hellip;]<\/p>\n","protected":false},"author":110,"featured_media":0,"parent":0,"menu_order":5,"comment_status":"closed","ping_status":"closed","template":"","meta":{"_acf_changed":false,"_price":"","_stock":"","_tribe_ticket_header":"","_tribe_default_ticket_provider":"","_tribe_ticket_capacity":"0","_ticket_start_date":"","_ticket_end_date":"","_tribe_ticket_show_description":"","_tribe_ticket_show_not_going":false,"_tribe_ticket_use_global_stock":"","_tribe_ticket_global_stock_level":"","_global_stock_mode":"","_global_stock_cap":"","_tribe_rsvp_for_event":"","_tribe_ticket_going_count":"","_tribe_ticket_not_going_count":"","_tribe_tickets_list":"[]","_tribe_ticket_has_attendee_info_fields":false,"footnotes":"","_tec_slr_enabled":"","_tec_slr_layout":""},"class_list":["post-1311","page","type-page","status-publish","hentry"],"acf":[],"aioseo_notices":[],"ticketed":false,"_links":{"self":[{"href":"https:\/\/coachescongress.com\/stockholm\/wp-json\/wp\/v2\/pages\/1311","targetHints":{"allow":["GET"]}}],"collection":[{"href":"https:\/\/coachescongress.com\/stockholm\/wp-json\/wp\/v2\/pages"}],"about":[{"href":"https:\/\/coachescongress.com\/stockholm\/wp-json\/wp\/v2\/types\/page"}],"author":[{"embeddable":true,"href":"https:\/\/coachescongress.com\/stockholm\/wp-json\/wp\/v2\/users\/110"}],"replies":[{"embeddable":true,"href":"https:\/\/coachescongress.com\/stockholm\/wp-json\/wp\/v2\/comments?post=1311"}],"version-history":[{"count":5,"href":"https:\/\/coachescongress.com\/stockholm\/wp-json\/wp\/v2\/pages\/1311\/revisions"}],"predecessor-version":[{"id":6892,"href":"https:\/\/coachescongress.com\/stockholm\/wp-json\/wp\/v2\/pages\/1311\/revisions\/6892"}],"wp:attachment":[{"href":"https:\/\/coachescongress.com\/stockholm\/wp-json\/wp\/v2\/media?parent=1311"}],"curies":[{"name":"wp","href":"https:\/\/api.w.org\/{rel}","templated":true}]}}